{"id":748,"date":"2020-09-25T23:13:49","date_gmt":"2020-09-25T23:13:49","guid":{"rendered":"https:\/\/www.camoesfclv.org\/portuguesonline\/?page_id=748"},"modified":"2022-04-25T03:27:28","modified_gmt":"2022-04-25T03:27:28","slug":"inicio","status":"publish","type":"page","link":"https:\/\/www.camoesfclv.org\/portuguesonline\/","title":{"rendered":"Inicio"},"content":{"rendered":"\t\t<div data-elementor-type=\"wp-page\" data-elementor-id=\"748\" class=\"elementor elementor-748\">\n\t\t\t\t\t\t<section class=\"elementor-section elementor-top-section elementor-element elementor-element-62cc6a0 elementor-section-full_width elementor-section-stretched elementor-section-height-default elementor-section-height-default\" data-id=\"62cc6a0\" data-element_type=\"section\" data-settings=\"{&quot;stretch_section&quot;:&quot;section-stretched&quot;,&quot;background_background&quot;:&quot;classic&quot;}\">\n\t\t\t\t\t\t<div class=\"elementor-container elementor-column-gap-default\">\n\t\t\t\t\t<div class=\"elementor-column elementor-col-100 elementor-top-column elementor-element elementor-element-3920e85\" data-id=\"3920e85\" data-element_type=\"column\">\n\t\t\t<div class=\"elementor-widget-wrap elementor-element-populated\">\n\t\t\t\t\t\t<div class=\"elementor-element elementor-element-c8100a4 elementor-widget elementor-widget-heading\" data-id=\"c8100a4\" data-element_type=\"widget\" data-widget_type=\"heading.default\">\n\t\t\t\t<div class=\"elementor-widget-container\">\n\t\t\t\t\t<h1 class=\"elementor-heading-title elementor-size-xxl\">Portugu\u00e9s en l\u00ednea<\/h1>\t\t\t\t<\/div>\n\t\t\t\t<\/div>\n\t\t\t\t<div class=\"elementor-element elementor-element-2059297 animated-slow elementor-invisible elementor-widget elementor-widget-heading\" data-id=\"2059297\" data-element_type=\"widget\" data-settings=\"{&quot;_animation&quot;:&quot;zoomIn&quot;}\" data-widget_type=\"heading.default\">\n\t\t\t\t<div class=\"elementor-widget-container\">\n\t\t\t\t\t<h2 class=\"elementor-heading-title elementor-size-xxl\">Per\u00edodo lectivo 2022<\/h2>\t\t\t\t<\/div>\n\t\t\t\t<\/div>\n\t\t\t\t<div class=\"elementor-element elementor-element-216150a elementor-invisible elementor-widget elementor-widget-heading\" data-id=\"216150a\" data-element_type=\"widget\" data-settings=\"{&quot;_animation&quot;:&quot;fadeIn&quot;}\" data-widget_type=\"heading.default\">\n\t\t\t\t<div class=\"elementor-widget-container\">\n\t\t\t\t\t<h2 class=\"elementor-heading-title elementor-size-large\">Avalado por la<\/h2>\t\t\t\t<\/div>\n\t\t\t\t<\/div>\n\t\t\t\t<div class=\"elementor-element elementor-element-9389c17 elementor-invisible elementor-widget elementor-widget-heading\" data-id=\"9389c17\" data-element_type=\"widget\" data-settings=\"{&quot;_animation&quot;:&quot;slideInUp&quot;}\" data-widget_type=\"heading.default\">\n\t\t\t\t<div class=\"elementor-widget-container\">\n\t\t\t\t\t<h1 class=\"elementor-heading-title elementor-size-xl\">Fundaci\u00f3n Cultural Luso Venezolana Cam\u00f5es<\/h1>\t\t\t\t<\/div>\n\t\t\t\t<\/div>\n\t\t\t\t\t<\/div>\n\t\t<\/div>\n\t\t\t\t\t<\/div>\n\t\t<\/section>\n\t\t\t\t<section class=\"elementor-section elementor-top-section elementor-element elementor-element-dbff0d2 elementor-section-boxed elementor-section-height-default elementor-section-height-default\" data-id=\"dbff0d2\" data-element_type=\"section\">\n\t\t\t\t\t\t<div class=\"elementor-container elementor-column-gap-default\">\n\t\t\t\t\t<div class=\"elementor-column elementor-col-100 elementor-top-column elementor-element elementor-element-8971b65\" data-id=\"8971b65\" data-element_type=\"column\">\n\t\t\t<div class=\"elementor-widget-wrap elementor-element-populated\">\n\t\t\t\t\t\t<div class=\"elementor-element elementor-element-969a38c elementor-widget elementor-widget-text-editor\" data-id=\"969a38c\" data-element_type=\"widget\" data-widget_type=\"text-editor.default\">\n\t\t\t\t<div class=\"elementor-widget-container\">\n\t\t\t\t\t\t\t\t\t<p style=\"text-align: justify; font-size: 24px; color: #ffffff;\">A trav\u00e9s de esta plataforma Ud. tendr\u00e1 acceso a clases virtuales de Portugu\u00e9s bajo el formato del Acuerdo Ortogr\u00e1fico establecido entre los pa\u00edses de habla portuguesa. En el aspecto gramatical, se explica las diferencias existentes entre las versiones brasilera y europea que a\u00fan se utiliza en ciertos \u00e1mbitos. Con respecto a la fon\u00e9tica, se hace \u00e9nfasis en la pronunciaci\u00f3n de la versi\u00f3n europea. Se se\u00f1ala las diferencias m\u00e1s resaltantes entre el portugu\u00e9s brasilero y europeo respecto al vocabulario y expresiones idiom\u00e1ticas.<\/p>\n<p style=\"text-align: justify; font-size: 24px; color: #ffffff;\">Este curso est\u00e1 basado en el <strong>Cuadro Europeo Com\u00fan de Referencia para las Lenguas\u00a0<\/strong><b>\u00a0(Q. E. C. R. )\u00a0<\/b>, que clasifica la ense\u00f1anza del Portugu\u00e9s en seis niveles: A1, A2, B1, B2, C1, C2.<\/p>\t\t\t\t\t\t\t\t<\/div>\n\t\t\t\t<\/div>\n\t\t\t\t\t<\/div>\n\t\t<\/div>\n\t\t\t\t\t<\/div>\n\t\t<\/section>\n\t\t\t\t<\/div>\n\t\t","protected":false},"excerpt":{"rendered":"<p>Portugu\u00e9s en l\u00ednea Per\u00edodo lectivo 2022 Avalado por la Fundaci\u00f3n Cultural Luso Venezolana Cam\u00f5es A trav\u00e9s de esta plataforma Ud. tendr\u00e1 acceso a clases virtuales de Portugu\u00e9s bajo el formato del Acuerdo Ortogr\u00e1fico establecido entre los pa\u00edses de habla portuguesa. En el aspecto gramatical, se explica las diferencias existentes entre las versiones brasilera y europea [&hellip;]<\/p>\n","protected":false},"author":1,"featured_media":0,"parent":0,"menu_order":0,"comment_status":"closed","ping_status":"closed","template":"","meta":{"ocean_post_layout":"","ocean_both_sidebars_style":"","ocean_both_sidebars_content_width":0,"ocean_both_sidebars_sidebars_width":0,"ocean_sidebar":"0","ocean_second_sidebar":"0","ocean_disable_margins":"enable","ocean_add_body_class":"","ocean_shortcode_before_top_bar":"","ocean_shortcode_after_top_bar":"","ocean_shortcode_before_header":"","ocean_shortcode_after_header":"","ocean_has_shortcode":"","ocean_shortcode_after_title":"","ocean_shortcode_before_footer_widgets":"","ocean_shortcode_after_footer_widgets":"","ocean_shortcode_before_footer_bottom":"","ocean_shortcode_after_footer_bottom":"","ocean_display_top_bar":"default","ocean_display_header":"default","ocean_header_style":"","ocean_center_header_left_menu":"0","ocean_custom_header_template":"0","ocean_custom_logo":0,"ocean_custom_retina_logo":0,"ocean_custom_logo_max_width":0,"ocean_custom_logo_tablet_max_width":0,"ocean_custom_logo_mobile_max_width":0,"ocean_custom_logo_max_height":0,"ocean_custom_logo_tablet_max_height":0,"ocean_custom_logo_mobile_max_height":0,"ocean_header_custom_menu":"0","ocean_menu_typo_font_family":"0","ocean_menu_typo_font_subset":"","ocean_menu_typo_font_size":0,"ocean_menu_typo_font_size_tablet":0,"ocean_menu_typo_font_size_mobile":0,"ocean_menu_typo_font_size_unit":"px","ocean_menu_typo_font_weight":"","ocean_menu_typo_font_weight_tablet":"","ocean_menu_typo_font_weight_mobile":"","ocean_menu_typo_transform":"","ocean_menu_typo_transform_tablet":"","ocean_menu_typo_transform_mobile":"","ocean_menu_typo_line_height":0,"ocean_menu_typo_line_height_tablet":0,"ocean_menu_typo_line_height_mobile":0,"ocean_menu_typo_line_height_unit":"","ocean_menu_typo_spacing":0,"ocean_menu_typo_spacing_tablet":0,"ocean_menu_typo_spacing_mobile":0,"ocean_menu_typo_spacing_unit":"","ocean_menu_link_color":"","ocean_menu_link_color_hover":"","ocean_menu_link_color_active":"","ocean_menu_link_background":"","ocean_menu_link_hover_background":"","ocean_menu_link_active_background":"","ocean_menu_social_links_bg":"","ocean_menu_social_hover_links_bg":"","ocean_menu_social_links_color":"","ocean_menu_social_hover_links_color":"","ocean_disable_title":"default","ocean_disable_heading":"default","ocean_post_title":"","ocean_post_subheading":"","ocean_post_title_style":"","ocean_post_title_background_color":"","ocean_post_title_background":0,"ocean_post_title_bg_image_position":"","ocean_post_title_bg_image_attachment":"","ocean_post_title_bg_image_repeat":"","ocean_post_title_bg_image_size":"","ocean_post_title_height":0,"ocean_post_title_bg_overlay":0.5,"ocean_post_title_bg_overlay_color":"","ocean_disable_breadcrumbs":"default","ocean_breadcrumbs_color":"","ocean_breadcrumbs_separator_color":"","ocean_breadcrumbs_links_color":"","ocean_breadcrumbs_links_hover_color":"","ocean_display_footer_widgets":"default","ocean_display_footer_bottom":"default","ocean_custom_footer_template":"0","footnotes":""},"class_list":["post-748","page","type-page","status-publish","hentry","entry"],"_links":{"self":[{"href":"https:\/\/www.camoesfclv.org\/portuguesonline\/wp-json\/wp\/v2\/pages\/748","targetHints":{"allow":["GET"]}}],"collection":[{"href":"https:\/\/www.camoesfclv.org\/portuguesonline\/wp-json\/wp\/v2\/pages"}],"about":[{"href":"https:\/\/www.camoesfclv.org\/portuguesonline\/wp-json\/wp\/v2\/types\/page"}],"author":[{"embeddable":true,"href":"https:\/\/www.camoesfclv.org\/portuguesonline\/wp-json\/wp\/v2\/users\/1"}],"replies":[{"embeddable":true,"href":"https:\/\/www.camoesfclv.org\/portuguesonline\/wp-json\/wp\/v2\/comments?post=748"}],"version-history":[{"count":31,"href":"https:\/\/www.camoesfclv.org\/portuguesonline\/wp-json\/wp\/v2\/pages\/748\/revisions"}],"predecessor-version":[{"id":1304,"href":"https:\/\/www.camoesfclv.org\/portuguesonline\/wp-json\/wp\/v2\/pages\/748\/revisions\/1304"}],"wp:attachment":[{"href":"https:\/\/www.camoesfclv.org\/portuguesonline\/wp-json\/wp\/v2\/media?parent=748"}],"curies":[{"name":"wp","href":"https:\/\/api.w.org\/{rel}","templated":true}]}}