{"id":504,"date":"2020-09-23T05:07:45","date_gmt":"2020-09-23T05:07:45","guid":{"rendered":"https:\/\/www.camoesfclv.org\/portuguesonline\/?page_id=504"},"modified":"2020-09-26T19:24:33","modified_gmt":"2020-09-26T19:24:33","slug":"politica-de-privacidad","status":"publish","type":"page","link":"https:\/\/www.camoesfclv.org\/portuguesonline\/politica-de-privacidad\/","title":{"rendered":"Pol\u00edtica de privacidad"},"content":{"rendered":"\t\t<div data-elementor-type=\"wp-page\" data-elementor-id=\"504\" class=\"elementor elementor-504\">\n\t\t\t\t\t\t<section class=\"elementor-section elementor-top-section elementor-element elementor-element-3c62dbea elementor-section-boxed elementor-section-height-default elementor-section-height-default\" data-id=\"3c62dbea\" data-element_type=\"section\" data-settings=\"{&quot;background_background&quot;:&quot;classic&quot;}\">\n\t\t\t\t\t\t\t<div class=\"elementor-background-overlay\"><\/div>\n\t\t\t\t\t\t\t<div class=\"elementor-container elementor-column-gap-default\">\n\t\t\t\t\t<div class=\"elementor-column elementor-col-100 elementor-top-column elementor-element elementor-element-1b9a3645\" data-id=\"1b9a3645\" data-element_type=\"column\">\n\t\t\t<div class=\"elementor-widget-wrap elementor-element-populated\">\n\t\t\t\t\t\t<div class=\"elementor-element elementor-element-b411030 elementor-widget elementor-widget-heading\" data-id=\"b411030\" data-element_type=\"widget\" data-widget_type=\"heading.default\">\n\t\t\t\t<div class=\"elementor-widget-container\">\n\t\t\t\t\t<h2 class=\"elementor-heading-title elementor-size-xl\">Pol\u00edtica de Privacidad<\/h2>\t\t\t\t<\/div>\n\t\t\t\t<\/div>\n\t\t\t\t<div class=\"elementor-element elementor-element-45aaff6b elementor-widget elementor-widget-text-editor\" data-id=\"45aaff6b\" data-element_type=\"widget\" data-widget_type=\"text-editor.default\">\n\t\t\t\t<div class=\"elementor-widget-container\">\n\t\t\t\t\t\t\t\t\t<p><span style=\"color: #000000;\">La presente Pol\u00edtica de Privacidad establece los t\u00e9rminos en que el sitio web <strong>https:\/\/www.camoesfclv.org\/<\/strong> utiliza y protege la informaci\u00f3n que es proporcionada por sus usuarios.<\/span><\/p>\n<p><span style=\"color: #000000;\">A todos los efectos de la presente Pol\u00edtica de Privacidad, el usuario de este sitio Web acepta someterse al marco legal venezolano en materia de Privacidad y Protecci\u00f3n de Datos y a las Instituciones de Administraci\u00f3n de Justicia de Valencia, Estado Carabobo, Venezuela, lugar donde se encuentra radicada la sede de la <strong>La Fundaci\u00f3n Cultural Luso-Venezolana Cam\u00f5es<\/strong>.<\/span><\/p>\n<p><span style=\"color: #000000;\"><strong>La Fundaci\u00f3n Cultural Luso-Venezolana Cam\u00f5es<\/strong> est\u00e1 comprometida con la seguridad de los datos de los usuarios de su web. La informaci\u00f3n personal de los usuarios s\u00f3lo se emplear\u00e1 de acuerdo con los t\u00e9rminos de este documento. Sin embargo esta Pol\u00edtica de Privacidad puede cambiar con el tiempo o ser actualizada por lo que se recomienda y enfatiza su revisi\u00f3n por parte de los usuarios para que se aseguren de estar de acuerdo con los cambios.<\/span><\/p>\n<h2><br \/><span style=\"color: #000000;\">\u00bfQu\u00e9 datos personales se recogen y por qu\u00e9?<\/span><\/h2>\n<p><span style=\"color: #000000;\">Este sitio web podr\u00e1 recoger informaci\u00f3n personal como: Nombre, informaci\u00f3n de contacto, direcci\u00f3n de correo electr\u00f3nico, datos demogr\u00e1ficos o cualquier otra informaci\u00f3n espec\u00edfica necesaria para procesar alguna solicitud, realizar una entrega o elaborar un documento.<\/span><\/p>\n<p>\u00a0<\/p>\n<h2><span style=\"color: #000000;\">Uso de la informaci\u00f3n obtenida de los usuarios.<\/span><\/h2>\n<p><span style=\"color: #000000;\">Este sitio web emplea la informaci\u00f3n obtenida de sus usuarios para brindar el mejor servicio posible y procesar las solicitudes que estos realizan. Es posible que peri\u00f3dicamente sean enviados correos electr\u00f3nicos a los usuarios a trav\u00e9s de este sitio con informaci\u00f3n relativa a servicios o productos, noticias o cualquier otra informaci\u00f3n que se considere relevante o brinde alg\u00fan beneficio al usuario. Estos correos electr\u00f3nicos ser\u00e1n enviados a la direcci\u00f3n proporcionada por los usuarios quienes podr\u00e1n, en cualquier momento, solicitar ser desincorporados de la lista de correos.<\/span><\/p>\n<p><span style=\"color: #000000;\"><strong>La Fundaci\u00f3n Cultural Luso-Venezolana Cam\u00f5es<\/strong> est\u00e1 altamente comprometida en mantener la seguridad de la informaci\u00f3n de sus usuarios. Para ello velar\u00e1 en mantener permanentemente actualizada su plataforma web de manera de evitar cualquier acceso no autorizado que comprometa la privacidad de los datos almacenados.<\/span><\/p>\n<p>\u00a0<\/p>\n<h2><span style=\"color: #000000;\">Cookies<\/span><\/h2>\n<p><span style=\"color: #000000;\">Una <em>cookie<\/em> es un archivo que se almacena en la computadora del usuario de una web, con la finalidad de guardar informaci\u00f3n sobre su identidad, preferencias y pautas de navegaci\u00f3n. Ello permite brindar a los usuario un servicio personalizado de mayor calidad, facilitar posteriores visitas y generar informaci\u00f3n estad\u00edstica de tr\u00e1fico del sitio web.<\/span><\/p>\n<p><span style=\"color: #000000;\">Este sitio web pudiera emplear <em>cookies<\/em> con la finalidad de mejorar la experiencia de los usuarios y con fines estad\u00edsticos. El usuario puede eliminar las <em>cookies<\/em> en cualquier momento desde su ordenador. Tambi\u00e9n puede cambiar la configuraci\u00f3n de su ordenador para que no acepte <em>cookies<\/em>.<\/span><\/p>\n<h2><br \/><span style=\"color: #000000;\">Enlaces a Terceros<\/span><\/h2>\n<p><span style=\"color: #000000;\">Este sitio web pudiera contener enlaces a otros sitios o incluir contenido incrustado que pudieran ser de inter\u00e9s de los usuarios (por ejemplo, v\u00eddeos, im\u00e1genes, art\u00edculos, etc.). No se tiene control sobre los sitios a los que los usuarios son redirigidos y por lo tanto la<strong> Fundaci\u00f3n Cultural Luso-Venezolana Cam\u00f5es<\/strong> no es responsable de los t\u00e9rminos o privacidad, ni de la protecci\u00f3n de los datos en esos otros sitios de terceros. Igualmente el contenido incrustado de otras webs se comporta exactamente de la misma manera que si el usuario hubiera ido a la otra web directamente.<\/span><br \/><span style=\"color: #000000;\">Esas web pueden recopilar datos sobre el usuario, utilizar <em>cookies<\/em>, incrustar un seguimiento adicional de otros, y supervisar la interacci\u00f3n del usuario con el contenido incrustado, incluido el seguimiento de su interacci\u00f3n con el contenido incrustado si \u00e9ste tiene una cuenta y est\u00e1 conectado a esa web.<\/span><\/p>\n<h2><br \/><span style=\"color: #000000;\">\u00bfCon qui\u00e9n compartimos los datos?<\/span><\/h2>\n<p><span style=\"color: #000000;\">Salvo que sea requerido por un juez con una orden judicial, la <strong>Fundaci\u00f3n Cultural Luso-Venezolana Cam\u00f5es<\/strong> no vender\u00e1, ceder\u00e1, compartir\u00e1 ni distribuir\u00e1 informaci\u00f3n personal de sus usuarios con terceros. La informaci\u00f3n de los usuarios s\u00f3lo ser\u00e1 manejada por personal de \u00e9sta organizaci\u00f3n y exclusivamente a efecto de los servicios que se ofrecen en el sitio web.<\/span><\/p>\n<h2><br \/><span style=\"color: #000000;\">Eliminaci\u00f3n de datos.<\/span><\/h2>\n<p><span style=\"color: #000000;\">El usuario puede solicitar mediante correo electr\u00f3nico la eliminaci\u00f3n de sus datos personales pero ello no incluye ning\u00fan dato que sea pertinente conservar con fines administrativos, legales o de seguridad.<\/span><\/p>\t\t\t\t\t\t\t\t<\/div>\n\t\t\t\t<\/div>\n\t\t\t\t\t<\/div>\n\t\t<\/div>\n\t\t\t\t\t<\/div>\n\t\t<\/section>\n\t\t\t\t<\/div>\n\t\t","protected":false},"excerpt":{"rendered":"<p>Pol\u00edtica de Privacidad La presente Pol\u00edtica de Privacidad establece los t\u00e9rminos en que el sitio web https:\/\/www.camoesfclv.org\/ utiliza y protege la informaci\u00f3n que es proporcionada por sus usuarios. A todos los efectos de la presente Pol\u00edtica de Privacidad, el usuario de este sitio Web acepta someterse al marco legal venezolano en materia de Privacidad y [&hellip;]<\/p>\n","protected":false},"author":1,"featured_media":0,"parent":0,"menu_order":0,"comment_status":"closed","ping_status":"closed","template":"","meta":{"ocean_post_layout":"","ocean_both_sidebars_style":"","ocean_both_sidebars_content_width":0,"ocean_both_sidebars_sidebars_width":0,"ocean_sidebar":"0","ocean_second_sidebar":"0","ocean_disable_margins":"enable","ocean_add_body_class":"","ocean_shortcode_before_top_bar":"","ocean_shortcode_after_top_bar":"","ocean_shortcode_before_header":"","ocean_shortcode_after_header":"","ocean_has_shortcode":"","ocean_shortcode_after_title":"","ocean_shortcode_before_footer_widgets":"","ocean_shortcode_after_footer_widgets":"","ocean_shortcode_before_footer_bottom":"","ocean_shortcode_after_footer_bottom":"","ocean_display_top_bar":"default","ocean_display_header":"default","ocean_header_style":"","ocean_center_header_left_menu":"0","ocean_custom_header_template":"0","ocean_custom_logo":0,"ocean_custom_retina_logo":0,"ocean_custom_logo_max_width":0,"ocean_custom_logo_tablet_max_width":0,"ocean_custom_logo_mobile_max_width":0,"ocean_custom_logo_max_height":0,"ocean_custom_logo_tablet_max_height":0,"ocean_custom_logo_mobile_max_height":0,"ocean_header_custom_menu":"0","ocean_menu_typo_font_family":"0","ocean_menu_typo_font_subset":"","ocean_menu_typo_font_size":0,"ocean_menu_typo_font_size_tablet":0,"ocean_menu_typo_font_size_mobile":0,"ocean_menu_typo_font_size_unit":"px","ocean_menu_typo_font_weight":"","ocean_menu_typo_font_weight_tablet":"","ocean_menu_typo_font_weight_mobile":"","ocean_menu_typo_transform":"","ocean_menu_typo_transform_tablet":"","ocean_menu_typo_transform_mobile":"","ocean_menu_typo_line_height":0,"ocean_menu_typo_line_height_tablet":0,"ocean_menu_typo_line_height_mobile":0,"ocean_menu_typo_line_height_unit":"","ocean_menu_typo_spacing":0,"ocean_menu_typo_spacing_tablet":0,"ocean_menu_typo_spacing_mobile":0,"ocean_menu_typo_spacing_unit":"","ocean_menu_link_color":"","ocean_menu_link_color_hover":"","ocean_menu_link_color_active":"","ocean_menu_link_background":"","ocean_menu_link_hover_background":"","ocean_menu_link_active_background":"","ocean_menu_social_links_bg":"","ocean_menu_social_hover_links_bg":"","ocean_menu_social_links_color":"","ocean_menu_social_hover_links_color":"","ocean_disable_title":"default","ocean_disable_heading":"default","ocean_post_title":"","ocean_post_subheading":"","ocean_post_title_style":"","ocean_post_title_background_color":"","ocean_post_title_background":0,"ocean_post_title_bg_image_position":"","ocean_post_title_bg_image_attachment":"","ocean_post_title_bg_image_repeat":"","ocean_post_title_bg_image_size":"","ocean_post_title_height":0,"ocean_post_title_bg_overlay":0.5,"ocean_post_title_bg_overlay_color":"","ocean_disable_breadcrumbs":"default","ocean_breadcrumbs_color":"","ocean_breadcrumbs_separator_color":"","ocean_breadcrumbs_links_color":"","ocean_breadcrumbs_links_hover_color":"","ocean_display_footer_widgets":"default","ocean_display_footer_bottom":"default","ocean_custom_footer_template":"0","footnotes":""},"class_list":["post-504","page","type-page","status-publish","hentry","entry"],"_links":{"self":[{"href":"https:\/\/www.camoesfclv.org\/portuguesonline\/wp-json\/wp\/v2\/pages\/504","targetHints":{"allow":["GET"]}}],"collection":[{"href":"https:\/\/www.camoesfclv.org\/portuguesonline\/wp-json\/wp\/v2\/pages"}],"about":[{"href":"https:\/\/www.camoesfclv.org\/portuguesonline\/wp-json\/wp\/v2\/types\/page"}],"author":[{"embeddable":true,"href":"https:\/\/www.camoesfclv.org\/portuguesonline\/wp-json\/wp\/v2\/users\/1"}],"replies":[{"embeddable":true,"href":"https:\/\/www.camoesfclv.org\/portuguesonline\/wp-json\/wp\/v2\/comments?post=504"}],"version-history":[{"count":4,"href":"https:\/\/www.camoesfclv.org\/portuguesonline\/wp-json\/wp\/v2\/pages\/504\/revisions"}],"predecessor-version":[{"id":534,"href":"https:\/\/www.camoesfclv.org\/portuguesonline\/wp-json\/wp\/v2\/pages\/504\/revisions\/534"}],"wp:attachment":[{"href":"https:\/\/www.camoesfclv.org\/portuguesonline\/wp-json\/wp\/v2\/media?parent=504"}],"curies":[{"name":"wp","href":"https:\/\/api.w.org\/{rel}","templated":true}]}}