{"id":258,"date":"2020-09-17T04:09:59","date_gmt":"2020-09-17T04:09:59","guid":{"rendered":"https:\/\/www.camoesfclv.org\/portuguesonline\/?page_id=258"},"modified":"2020-09-26T14:08:20","modified_gmt":"2020-09-26T14:08:20","slug":"niveles","status":"publish","type":"page","link":"https:\/\/www.camoesfclv.org\/portuguesonline\/niveles\/","title":{"rendered":"Niveles"},"content":{"rendered":"\t\t<div data-elementor-type=\"wp-page\" data-elementor-id=\"258\" class=\"elementor elementor-258\">\n\t\t\t\t\t\t<section class=\"elementor-section elementor-top-section elementor-element elementor-element-10a3864 elementor-section-boxed elementor-section-height-default elementor-section-height-default\" data-id=\"10a3864\" data-element_type=\"section\">\n\t\t\t\t\t\t<div class=\"elementor-container elementor-column-gap-default\">\n\t\t\t\t\t<div class=\"elementor-column elementor-col-100 elementor-top-column elementor-element elementor-element-a664df5\" data-id=\"a664df5\" data-element_type=\"column\">\n\t\t\t<div class=\"elementor-widget-wrap elementor-element-populated\">\n\t\t\t\t\t\t<div class=\"elementor-element elementor-element-c43550e elementor-widget elementor-widget-heading\" data-id=\"c43550e\" data-element_type=\"widget\" data-widget_type=\"heading.default\">\n\t\t\t\t<div class=\"elementor-widget-container\">\n\t\t\t\t\t<h2 class=\"elementor-heading-title elementor-size-xl\">NIVELES DE PORTUGU\u00c9S<\/h2>\t\t\t\t<\/div>\n\t\t\t\t<\/div>\n\t\t\t\t\t<\/div>\n\t\t<\/div>\n\t\t\t\t\t<\/div>\n\t\t<\/section>\n\t\t\t\t<section class=\"elementor-section elementor-top-section elementor-element elementor-element-dbff0d2 elementor-section-boxed elementor-section-height-default elementor-section-height-default\" data-id=\"dbff0d2\" data-element_type=\"section\">\n\t\t\t\t\t\t<div class=\"elementor-container elementor-column-gap-wide\">\n\t\t\t\t\t<div class=\"elementor-column elementor-col-25 elementor-top-column elementor-element elementor-element-8971b65\" data-id=\"8971b65\" data-element_type=\"column\" data-settings=\"{&quot;background_background&quot;:&quot;classic&quot;}\">\n\t\t\t<div class=\"elementor-widget-wrap elementor-element-populated\">\n\t\t\t\t\t\t<div class=\"elementor-element elementor-element-e848db4 elementor-widget elementor-widget-image\" data-id=\"e848db4\" data-element_type=\"widget\" data-widget_type=\"image.default\">\n\t\t\t\t<div class=\"elementor-widget-container\">\n\t\t\t\t\t\t\t\t\t\t\t\t\t\t\t<img decoding=\"async\" src=\"https:\/\/www.camoesfclv.org\/portuguesonline\/wp-content\/uploads\/2020\/09\/A1.png\" title=\"A1\" alt=\"A1\" loading=\"lazy\" \/>\t\t\t\t\t\t\t\t\t\t\t\t\t\t\t<\/div>\n\t\t\t\t<\/div>\n\t\t\t\t\t<\/div>\n\t\t<\/div>\n\t\t\t\t<div class=\"elementor-column elementor-col-25 elementor-top-column elementor-element elementor-element-deb2fc7\" data-id=\"deb2fc7\" data-element_type=\"column\" data-settings=\"{&quot;background_background&quot;:&quot;classic&quot;}\">\n\t\t\t<div class=\"elementor-widget-wrap elementor-element-populated\">\n\t\t\t\t\t\t<div class=\"elementor-element elementor-element-56b7f0a elementor-widget elementor-widget-text-editor\" data-id=\"56b7f0a\" data-element_type=\"widget\" data-widget_type=\"text-editor.default\">\n\t\t\t\t<div class=\"elementor-widget-container\">\n\t\t\t\t\t\t\t\t\t<h1 style=\"font-size: 30px; color: white; text-align: justify; line-height: 30px;\"><b>Nivel Inicial<\/b><\/h1><p style=\"font-size: 20px; color: white; text-align: justify; line-height: 30px;\">Este nivel es el de iniciaci\u00f3n\u00a0en el idioma, donde el alumno aprende a interactuar de forma sencilla, planteando y contestando preguntas sobre s\u00ed mismo, el lugar donde vive, las personas que conoce, entre otras cosas. Ser\u00e1 capaz de formular afirmaciones sencillas en \u00e1reas de necesidad inmediata o relativas a temas cotidianos y\u00a0 responder a cuestiones de este tipo cuando se las formulen. Adquiere competencias sobre estructuras gramaticales y lexicales b\u00e1sicas para expresarse eficazmente en los tiempos presente, pasado y futuro.\u00a0\u00a0<\/p>\t\t\t\t\t\t\t\t<\/div>\n\t\t\t\t<\/div>\n\t\t\t\t\t<\/div>\n\t\t<\/div>\n\t\t\t\t<div class=\"elementor-column elementor-col-25 elementor-top-column elementor-element elementor-element-e07049a\" data-id=\"e07049a\" data-element_type=\"column\" data-settings=\"{&quot;background_background&quot;:&quot;classic&quot;}\">\n\t\t\t<div class=\"elementor-widget-wrap elementor-element-populated\">\n\t\t\t\t\t\t<div class=\"elementor-element elementor-element-1ddc51f elementor-widget elementor-widget-image\" data-id=\"1ddc51f\" data-element_type=\"widget\" data-widget_type=\"image.default\">\n\t\t\t\t<div class=\"elementor-widget-container\">\n\t\t\t\t\t\t\t\t\t\t\t\t\t\t\t<img fetchpriority=\"high\" decoding=\"async\" width=\"558\" height=\"353\" src=\"https:\/\/www.camoesfclv.org\/portuguesonline\/wp-content\/uploads\/2020\/09\/A2.png\" class=\"attachment-large size-large wp-image-289\" alt=\"\" srcset=\"https:\/\/www.camoesfclv.org\/portuguesonline\/wp-content\/uploads\/2020\/09\/A2.png 558w, https:\/\/www.camoesfclv.org\/portuguesonline\/wp-content\/uploads\/2020\/09\/A2-300x190.png 300w\" sizes=\"(max-width: 558px) 100vw, 558px\" \/>\t\t\t\t\t\t\t\t\t\t\t\t\t\t\t<\/div>\n\t\t\t\t<\/div>\n\t\t\t\t\t<\/div>\n\t\t<\/div>\n\t\t\t\t<div class=\"elementor-column elementor-col-25 elementor-top-column elementor-element elementor-element-9e41561\" data-id=\"9e41561\" data-element_type=\"column\" data-settings=\"{&quot;background_background&quot;:&quot;classic&quot;}\">\n\t\t\t<div class=\"elementor-widget-wrap elementor-element-populated\">\n\t\t\t\t\t\t<div class=\"elementor-element elementor-element-2f21720 elementor-widget elementor-widget-text-editor\" data-id=\"2f21720\" data-element_type=\"widget\" data-widget_type=\"text-editor.default\">\n\t\t\t\t<div class=\"elementor-widget-container\">\n\t\t\t\t\t\t\t\t\t<h1 style=\"font-size: 30px; color: white; text-align: justify; line-height: 30px;\"><b>Nivel B\u00e1sico<\/b><\/h1><p style=\"font-size: 20px; color: white; text-align: justify; line-height: 30px;\">El estudiante perfecciona el dominio de las funciones comunicativas sociales como: saludar e intercambiar informaci\u00f3n en situaciones formales e informales, contestar y hacer preguntas sobre lo que hace en su trabajo y en su tiempo libre. Tambi\u00e9n ser\u00e1 capaz de desenvolverse\u00a0 bien en acciones cotidianas como realizar transacciones sencillas en tiendas, oficinas o bancos, conseguir informaci\u00f3n sobre viajes, utilizar el transporte p\u00fablico, pedir informaci\u00f3n y explicar c\u00f3mo se llega a un lugar, etc.<\/p>\t\t\t\t\t\t\t\t<\/div>\n\t\t\t\t<\/div>\n\t\t\t\t\t<\/div>\n\t\t<\/div>\n\t\t\t\t\t<\/div>\n\t\t<\/section>\n\t\t\t\t<section class=\"elementor-section elementor-top-section elementor-element elementor-element-691f869 elementor-section-boxed elementor-section-height-default elementor-section-height-default\" data-id=\"691f869\" data-element_type=\"section\">\n\t\t\t\t\t\t<div class=\"elementor-container elementor-column-gap-extended\">\n\t\t\t\t\t<div class=\"elementor-column elementor-col-25 elementor-top-column elementor-element elementor-element-9a893b6\" data-id=\"9a893b6\" data-element_type=\"column\" data-settings=\"{&quot;background_background&quot;:&quot;classic&quot;}\">\n\t\t\t<div class=\"elementor-widget-wrap elementor-element-populated\">\n\t\t\t\t\t\t<div class=\"elementor-element elementor-element-1b5791d elementor-widget elementor-widget-image\" data-id=\"1b5791d\" data-element_type=\"widget\" data-widget_type=\"image.default\">\n\t\t\t\t<div class=\"elementor-widget-container\">\n\t\t\t\t\t\t\t\t\t\t\t\t\t\t\t<img decoding=\"async\" src=\"https:\/\/www.camoesfclv.org\/portuguesonline\/wp-content\/uploads\/2020\/09\/B1.png\" title=\"B1\" alt=\"B1\" loading=\"lazy\" \/>\t\t\t\t\t\t\t\t\t\t\t\t\t\t\t<\/div>\n\t\t\t\t<\/div>\n\t\t\t\t\t<\/div>\n\t\t<\/div>\n\t\t\t\t<div class=\"elementor-column elementor-col-25 elementor-top-column elementor-element elementor-element-34689b6\" data-id=\"34689b6\" data-element_type=\"column\" data-settings=\"{&quot;background_background&quot;:&quot;classic&quot;}\">\n\t\t\t<div class=\"elementor-widget-wrap elementor-element-populated\">\n\t\t\t\t\t\t<div class=\"elementor-element elementor-element-7ee020a elementor-widget elementor-widget-text-editor\" data-id=\"7ee020a\" data-element_type=\"widget\" data-widget_type=\"text-editor.default\">\n\t\t\t\t<div class=\"elementor-widget-container\">\n\t\t\t\t\t\t\t\t\t<h1 style=\"font-size: 30px;color:white\">Nivel Intermedio Umbral<\/h1>\n\u200b\n<p style=\"font-size: 20px; color: white; text-align: justify; line-height: 30px;\">El grado de aprendizaje se manifiesta en dos caracter\u00edsticas principales. La primera es la capacidad de mantener una interacci\u00f3n y de hacerse entender en una variedad de situaciones, por ejemplo: comprender las ideas principales de un debate extenso, ofrecer y pedir opiniones personales, expresar de forma comprensible la idea principal que quiere dar a entender, capacidad de mantener una conversaci\u00f3n o debate, etc. La segunda caracter\u00edstica es la capacidad de saber c\u00f3mo enfrentarse a problemas cotidianos del tipo: plantear quejas, realizar reservas para viajes, participar en conversaciones sobre asuntos habituales, iniciar un nuevo tema en un debate, pedir aclaraciones, etc.<\/p>\t\t\t\t\t\t\t\t<\/div>\n\t\t\t\t<\/div>\n\t\t\t\t\t<\/div>\n\t\t<\/div>\n\t\t\t\t<div class=\"elementor-column elementor-col-25 elementor-top-column elementor-element elementor-element-3458f2f\" data-id=\"3458f2f\" data-element_type=\"column\" data-settings=\"{&quot;background_background&quot;:&quot;classic&quot;}\">\n\t\t\t<div class=\"elementor-widget-wrap elementor-element-populated\">\n\t\t\t\t\t\t<div class=\"elementor-element elementor-element-fe18bb6 elementor-widget elementor-widget-image\" data-id=\"fe18bb6\" data-element_type=\"widget\" data-widget_type=\"image.default\">\n\t\t\t\t<div class=\"elementor-widget-container\">\n\t\t\t\t\t\t\t\t\t\t\t\t\t\t\t<img decoding=\"async\" width=\"558\" height=\"353\" src=\"https:\/\/www.camoesfclv.org\/portuguesonline\/wp-content\/uploads\/2020\/09\/B2.png\" class=\"attachment-large size-large wp-image-292\" alt=\"\" srcset=\"https:\/\/www.camoesfclv.org\/portuguesonline\/wp-content\/uploads\/2020\/09\/B2.png 558w, https:\/\/www.camoesfclv.org\/portuguesonline\/wp-content\/uploads\/2020\/09\/B2-300x190.png 300w\" sizes=\"(max-width: 558px) 100vw, 558px\" \/>\t\t\t\t\t\t\t\t\t\t\t\t\t\t\t<\/div>\n\t\t\t\t<\/div>\n\t\t\t\t\t<\/div>\n\t\t<\/div>\n\t\t\t\t<div class=\"elementor-column elementor-col-25 elementor-top-column elementor-element elementor-element-5332393\" data-id=\"5332393\" data-element_type=\"column\" data-settings=\"{&quot;background_background&quot;:&quot;classic&quot;}\">\n\t\t\t<div class=\"elementor-widget-wrap elementor-element-populated\">\n\t\t\t\t\t\t<div class=\"elementor-element elementor-element-fc9c7ca elementor-widget elementor-widget-text-editor\" data-id=\"fc9c7ca\" data-element_type=\"widget\" data-widget_type=\"text-editor.default\">\n\t\t\t\t<div class=\"elementor-widget-container\">\n\t\t\t\t\t\t\t\t\t<h1 style=\"font-size: 30px;color:white\">Nivel Intermedio Avanzado<\/h1>\n\u200b\n<p style=\"font-size: 20px; color: white; text-align: justify; line-height: 30px;\">En este nivel se desarrollan las mismas caracter\u00edsticas que en el nivel B1 con la salvedad de considerar en este nivel el intercambio de mayor cantidad de informaci\u00f3n, por ejemplo: proporcionar informaci\u00f3n concreta, tomar notas de una informaci\u00f3n amplia dada, exponer espec\u00edficamente un problema, describir c\u00f3mo se hace algo, argumentar eficazmente, explicar y defender opiniones propias, argumentar razonadamente, etc.<\/p>\t\t\t\t\t\t\t\t<\/div>\n\t\t\t\t<\/div>\n\t\t\t\t\t<\/div>\n\t\t<\/div>\n\t\t\t\t\t<\/div>\n\t\t<\/section>\n\t\t\t\t<section class=\"elementor-section elementor-top-section elementor-element elementor-element-0110d8e elementor-section-boxed elementor-section-height-default elementor-section-height-default\" data-id=\"0110d8e\" data-element_type=\"section\">\n\t\t\t\t\t\t<div class=\"elementor-container elementor-column-gap-extended\">\n\t\t\t\t\t<div class=\"elementor-column elementor-col-25 elementor-top-column elementor-element elementor-element-6957c5c\" data-id=\"6957c5c\" data-element_type=\"column\" data-settings=\"{&quot;background_background&quot;:&quot;classic&quot;}\">\n\t\t\t<div class=\"elementor-widget-wrap elementor-element-populated\">\n\t\t\t\t\t\t<div class=\"elementor-element elementor-element-3182d2b elementor-widget elementor-widget-image\" data-id=\"3182d2b\" data-element_type=\"widget\" data-widget_type=\"image.default\">\n\t\t\t\t<div class=\"elementor-widget-container\">\n\t\t\t\t\t\t\t\t\t\t\t\t\t\t\t<img decoding=\"async\" src=\"https:\/\/www.camoesfclv.org\/portuguesonline\/wp-content\/uploads\/2020\/09\/C1.png\" title=\"C1\" alt=\"C1\" loading=\"lazy\" \/>\t\t\t\t\t\t\t\t\t\t\t\t\t\t\t<\/div>\n\t\t\t\t<\/div>\n\t\t\t\t\t<\/div>\n\t\t<\/div>\n\t\t\t\t<div class=\"elementor-column elementor-col-25 elementor-top-column elementor-element elementor-element-6090387\" data-id=\"6090387\" data-element_type=\"column\" data-settings=\"{&quot;background_background&quot;:&quot;classic&quot;}\">\n\t\t\t<div class=\"elementor-widget-wrap elementor-element-populated\">\n\t\t\t\t\t\t<div class=\"elementor-element elementor-element-d028a90 elementor-widget elementor-widget-text-editor\" data-id=\"d028a90\" data-element_type=\"widget\" data-widget_type=\"text-editor.default\">\n\t\t\t\t<div class=\"elementor-widget-container\">\n\t\t\t\t\t\t\t\t\t<h1 style=\"font-size: 30px;color:white\">Nivel Avanzado<\/h1>\n\u200b\n<p style=\"font-size: 20px; color: white; text-align: justify; line-height: 30px;\">El estudiante domina un repertorio ling\u00fc\u00edstico amplio que le permite una comunicaci\u00f3n fluida y espont\u00e1nea, as\u00ed como el dominio, en todos sus \u00e1mbitos, de las destrezas discursivas.<\/p>\t\t\t\t\t\t\t\t<\/div>\n\t\t\t\t<\/div>\n\t\t\t\t\t<\/div>\n\t\t<\/div>\n\t\t\t\t<div class=\"elementor-column elementor-col-25 elementor-top-column elementor-element elementor-element-e0a5b2a\" data-id=\"e0a5b2a\" data-element_type=\"column\" data-settings=\"{&quot;background_background&quot;:&quot;classic&quot;}\">\n\t\t\t<div class=\"elementor-widget-wrap elementor-element-populated\">\n\t\t\t\t\t\t<div class=\"elementor-element elementor-element-1d64d25 elementor-widget elementor-widget-image\" data-id=\"1d64d25\" data-element_type=\"widget\" data-widget_type=\"image.default\">\n\t\t\t\t<div class=\"elementor-widget-container\">\n\t\t\t\t\t\t\t\t\t\t\t\t\t\t\t<img decoding=\"async\" width=\"558\" height=\"353\" src=\"https:\/\/www.camoesfclv.org\/portuguesonline\/wp-content\/uploads\/2020\/09\/C2.png\" class=\"attachment-large size-large wp-image-294\" alt=\"\" srcset=\"https:\/\/www.camoesfclv.org\/portuguesonline\/wp-content\/uploads\/2020\/09\/C2.png 558w, https:\/\/www.camoesfclv.org\/portuguesonline\/wp-content\/uploads\/2020\/09\/C2-300x190.png 300w\" sizes=\"(max-width: 558px) 100vw, 558px\" \/>\t\t\t\t\t\t\t\t\t\t\t\t\t\t\t<\/div>\n\t\t\t\t<\/div>\n\t\t\t\t\t<\/div>\n\t\t<\/div>\n\t\t\t\t<div class=\"elementor-column elementor-col-25 elementor-top-column elementor-element elementor-element-4f41a96\" data-id=\"4f41a96\" data-element_type=\"column\" data-settings=\"{&quot;background_background&quot;:&quot;classic&quot;}\">\n\t\t\t<div class=\"elementor-widget-wrap elementor-element-populated\">\n\t\t\t\t\t\t<div class=\"elementor-element elementor-element-51d20e0 elementor-widget elementor-widget-text-editor\" data-id=\"51d20e0\" data-element_type=\"widget\" data-widget_type=\"text-editor.default\">\n\t\t\t\t<div class=\"elementor-widget-container\">\n\t\t\t\t\t\t\t\t\t<h1 style=\"font-size: 30px;color:white\">Nivel Maestr\u00eda<\/h1>\n<p style=\"font-size: 20px; color: white; text-align: justify; line-height: 30px;\">El estudiante se caracteriza por la capacidad de comunicar fluentemente con precisi\u00f3n y propiedad, mostrando un conocimiento lo suficientemente profundo del idioma para distinguir variaciones sutiles de significado y sentido impl\u00edcitos. Presenta competencia tanto en el modo oral como escrita en varias actividades en el uso de la lengua: recepci\u00f3n, producci\u00f3n, interacci\u00f3n y mediaci\u00f3n.<\/p>\t\t\t\t\t\t\t\t<\/div>\n\t\t\t\t<\/div>\n\t\t\t\t\t<\/div>\n\t\t<\/div>\n\t\t\t\t\t<\/div>\n\t\t<\/section>\n\t\t\t\t<\/div>\n\t\t","protected":false},"excerpt":{"rendered":"<p>NIVELES DE PORTUGU\u00c9S Nivel Inicial Este nivel es el de iniciaci\u00f3n&nbsp;en el idioma, donde el alumno aprende a interactuar de forma sencilla, planteando y contestando preguntas sobre s\u00ed mismo, el lugar donde vive, las personas que conoce, entre otras cosas. Ser\u00e1 capaz de formular afirmaciones sencillas en \u00e1reas de necesidad inmediata o relativas a temas [&hellip;]<\/p>\n","protected":false},"author":1,"featured_media":0,"parent":0,"menu_order":0,"comment_status":"closed","ping_status":"closed","template":"","meta":{"ocean_post_layout":"","ocean_both_sidebars_style":"","ocean_both_sidebars_content_width":0,"ocean_both_sidebars_sidebars_width":0,"ocean_sidebar":"0","ocean_second_sidebar":"0","ocean_disable_margins":"enable","ocean_add_body_class":"","ocean_shortcode_before_top_bar":"","ocean_shortcode_after_top_bar":"","ocean_shortcode_before_header":"","ocean_shortcode_after_header":"","ocean_has_shortcode":"","ocean_shortcode_after_title":"","ocean_shortcode_before_footer_widgets":"","ocean_shortcode_after_footer_widgets":"","ocean_shortcode_before_footer_bottom":"","ocean_shortcode_after_footer_bottom":"","ocean_display_top_bar":"default","ocean_display_header":"default","ocean_header_style":"","ocean_center_header_left_menu":"0","ocean_custom_header_template":"0","ocean_custom_logo":0,"ocean_custom_retina_logo":0,"ocean_custom_logo_max_width":0,"ocean_custom_logo_tablet_max_width":0,"ocean_custom_logo_mobile_max_width":0,"ocean_custom_logo_max_height":0,"ocean_custom_logo_tablet_max_height":0,"ocean_custom_logo_mobile_max_height":0,"ocean_header_custom_menu":"0","ocean_menu_typo_font_family":"0","ocean_menu_typo_font_subset":"","ocean_menu_typo_font_size":0,"ocean_menu_typo_font_size_tablet":0,"ocean_menu_typo_font_size_mobile":0,"ocean_menu_typo_font_size_unit":"px","ocean_menu_typo_font_weight":"","ocean_menu_typo_font_weight_tablet":"","ocean_menu_typo_font_weight_mobile":"","ocean_menu_typo_transform":"","ocean_menu_typo_transform_tablet":"","ocean_menu_typo_transform_mobile":"","ocean_menu_typo_line_height":0,"ocean_menu_typo_line_height_tablet":0,"ocean_menu_typo_line_height_mobile":0,"ocean_menu_typo_line_height_unit":"","ocean_menu_typo_spacing":0,"ocean_menu_typo_spacing_tablet":0,"ocean_menu_typo_spacing_mobile":0,"ocean_menu_typo_spacing_unit":"","ocean_menu_link_color":"","ocean_menu_link_color_hover":"","ocean_menu_link_color_active":"","ocean_menu_link_background":"","ocean_menu_link_hover_background":"","ocean_menu_link_active_background":"","ocean_menu_social_links_bg":"","ocean_menu_social_hover_links_bg":"","ocean_menu_social_links_color":"","ocean_menu_social_hover_links_color":"","ocean_disable_title":"default","ocean_disable_heading":"default","ocean_post_title":"","ocean_post_subheading":"","ocean_post_title_style":"","ocean_post_title_background_color":"","ocean_post_title_background":0,"ocean_post_title_bg_image_position":"","ocean_post_title_bg_image_attachment":"","ocean_post_title_bg_image_repeat":"","ocean_post_title_bg_image_size":"","ocean_post_title_height":0,"ocean_post_title_bg_overlay":0.5,"ocean_post_title_bg_overlay_color":"","ocean_disable_breadcrumbs":"default","ocean_breadcrumbs_color":"","ocean_breadcrumbs_separator_color":"","ocean_breadcrumbs_links_color":"","ocean_breadcrumbs_links_hover_color":"","ocean_display_footer_widgets":"default","ocean_display_footer_bottom":"default","ocean_custom_footer_template":"0","footnotes":""},"class_list":["post-258","page","type-page","status-publish","hentry","entry"],"_links":{"self":[{"href":"https:\/\/www.camoesfclv.org\/portuguesonline\/wp-json\/wp\/v2\/pages\/258","targetHints":{"allow":["GET"]}}],"collection":[{"href":"https:\/\/www.camoesfclv.org\/portuguesonline\/wp-json\/wp\/v2\/pages"}],"about":[{"href":"https:\/\/www.camoesfclv.org\/portuguesonline\/wp-json\/wp\/v2\/types\/page"}],"author":[{"embeddable":true,"href":"https:\/\/www.camoesfclv.org\/portuguesonline\/wp-json\/wp\/v2\/users\/1"}],"replies":[{"embeddable":true,"href":"https:\/\/www.camoesfclv.org\/portuguesonline\/wp-json\/wp\/v2\/comments?post=258"}],"version-history":[{"count":70,"href":"https:\/\/www.camoesfclv.org\/portuguesonline\/wp-json\/wp\/v2\/pages\/258\/revisions"}],"predecessor-version":[{"id":822,"href":"https:\/\/www.camoesfclv.org\/portuguesonline\/wp-json\/wp\/v2\/pages\/258\/revisions\/822"}],"wp:attachment":[{"href":"https:\/\/www.camoesfclv.org\/portuguesonline\/wp-json\/wp\/v2\/media?parent=258"}],"curies":[{"name":"wp","href":"https:\/\/api.w.org\/{rel}","templated":true}]}}