{"id":1329,"date":"2022-06-26T02:06:43","date_gmt":"2022-06-26T02:06:43","guid":{"rendered":"https:\/\/www.camoesfclv.org\/portuguesonline\/?page_id=1329"},"modified":"2022-06-28T19:38:45","modified_gmt":"2022-06-28T19:38:45","slug":"puertocabello","status":"publish","type":"page","link":"https:\/\/www.camoesfclv.org\/portuguesonline\/puertocabello\/","title":{"rendered":"puertocabello"},"content":{"rendered":"\t\t<div data-elementor-type=\"wp-page\" data-elementor-id=\"1329\" class=\"elementor elementor-1329\">\n\t\t\t\t\t\t<section class=\"elementor-section elementor-top-section elementor-element elementor-element-36e9cca1 elementor-section-full_width elementor-section-height-default elementor-section-height-default\" data-id=\"36e9cca1\" data-element_type=\"section\">\n\t\t\t\t\t\t<div class=\"elementor-container elementor-column-gap-no\">\n\t\t\t\t\t<div class=\"elementor-column elementor-col-100 elementor-top-column elementor-element elementor-element-132bf5fc\" data-id=\"132bf5fc\" data-element_type=\"column\">\n\t\t\t<div class=\"elementor-widget-wrap elementor-element-populated\">\n\t\t\t\t\t\t<div class=\"elementor-element elementor-element-54c8a25f elementor-widget elementor-widget-heading\" data-id=\"54c8a25f\" data-element_type=\"widget\" data-widget_type=\"heading.default\">\n\t\t\t\t<div class=\"elementor-widget-container\">\n\t\t\t\t\t<h2 class=\"elementor-heading-title elementor-size-xl\">PREINSCRIPCI\u00d3N<br>Curso Portugu\u00e9s<br>Puerto Cabello<\/h2>\t\t\t\t<\/div>\n\t\t\t\t<\/div>\n\t\t\t\t<div class=\"elementor-element elementor-element-6541ee81 elementor-widget elementor-widget-text-editor\" data-id=\"6541ee81\" data-element_type=\"widget\" data-widget_type=\"text-editor.default\">\n\t\t\t\t<div class=\"elementor-widget-container\">\n\t\t\t\t\t\t\t\t\t<span style=\"font-size: 20px;line-height=50%;\">Para obtener m\u00e1s\u00a0 informaci\u00f3n o preinscribirse en el curso presencial de Puerto Cabello, puede utilizar este formulario. <\/span>\t\t\t\t\t\t\t\t<\/div>\n\t\t\t\t<\/div>\n\t\t\t\t<div class=\"elementor-element elementor-element-c074586 elementor-widget elementor-widget-text-editor\" data-id=\"c074586\" data-element_type=\"widget\" data-widget_type=\"text-editor.default\">\n\t\t\t\t<div class=\"elementor-widget-container\">\n\t\t\t\t\t\t\t\t\t<p>Debe aceptar la <span style=\"text-decoration: underline;\"><a href=\"https:\/\/www.camoesfclv.org\/portuguesonline\/politica-de-privacidad\/\"><strong>Pol\u00edtica de Privacidad<\/strong><\/a><\/span> de este Sitio Web antes de enviar el formulario con sus datos.<\/p>\t\t\t\t\t\t\t\t<\/div>\n\t\t\t\t<\/div>\n\t\t\t\t<div class=\"elementor-element elementor-element-10112150 elementor-widget elementor-widget-wpforms\" data-id=\"10112150\" data-element_type=\"widget\" data-widget_type=\"wpforms.default\">\n\t\t\t\t<div class=\"elementor-widget-container\">\n\t\t\t\t\t<div class=\"wpforms-container wpforms-container-full\" id=\"wpforms-1340\"><form id=\"wpforms-form-1340\" class=\"wpforms-validate wpforms-form\" data-formid=\"1340\" method=\"post\" enctype=\"multipart\/form-data\" action=\"\/portuguesonline\/wp-json\/wp\/v2\/pages\/1329\" data-token=\"8084c974663b7fab02f53492701eca4e\" data-token-time=\"1775313907\"><noscript class=\"wpforms-error-noscript\">Por favor, activa JavaScript en tu navegador para completar este formulario.<\/noscript><div class=\"wpforms-field-container\"><div id=\"wpforms-1340-field_0-container\" class=\"wpforms-field wpforms-field-name\" data-field-id=\"0\"><label class=\"wpforms-field-label\">Nombre <span class=\"wpforms-required-label\">*<\/span><\/label><div class=\"wpforms-field-row wpforms-field-large\"><div class=\"wpforms-field-row-block wpforms-first wpforms-one-half\"><input type=\"text\" id=\"wpforms-1340-field_0\" class=\"wpforms-field-name-first wpforms-field-required\" name=\"wpforms[fields][0][first]\" required><label for=\"wpforms-1340-field_0\" class=\"wpforms-field-sublabel after\">Nombre<\/label><\/div><div class=\"wpforms-field-row-block wpforms-one-half\"><input type=\"text\" id=\"wpforms-1340-field_0-last\" class=\"wpforms-field-name-last wpforms-field-required\" name=\"wpforms[fields][0][last]\" required><label for=\"wpforms-1340-field_0-last\" class=\"wpforms-field-sublabel after\">Apellidos<\/label><\/div><\/div><\/div><div id=\"wpforms-1340-field_1-container\" class=\"wpforms-field wpforms-field-email\" data-field-id=\"1\"><label class=\"wpforms-field-label\">Correo electr\u00f3nico <span class=\"wpforms-required-label\">*<\/span><\/label><div class=\"wpforms-field-row wpforms-field-large\"><div class=\"wpforms-field-row-block wpforms-one-half wpforms-first\"><input type=\"email\" id=\"wpforms-1340-field_1\" class=\"wpforms-field-required wpforms-field-email-primary\" name=\"wpforms[fields][1][primary]\" spellcheck=\"false\" required><label for=\"wpforms-1340-field_1\" class=\"wpforms-field-sublabel after\">Correo electr\u00f3nico<\/label><\/div><div class=\"wpforms-field-row-block wpforms-one-half\"><input type=\"email\" id=\"wpforms-1340-field_1-secondary\" class=\"wpforms-field-email-secondary wpforms-field-required\" data-rule-confirm=\"#wpforms-1340-field_1\" name=\"wpforms[fields][1][secondary]\" spellcheck=\"false\" required><label for=\"wpforms-1340-field_1-secondary\" class=\"wpforms-field-sublabel after\">Confirmar el correo electr\u00f3nico<\/label><\/div><\/div><\/div><div id=\"wpforms-1340-field_15-container\" class=\"wpforms-field wpforms-field-text\" data-field-id=\"15\"><label class=\"wpforms-field-label\" for=\"wpforms-1340-field_15\">Tel\u00e9fono<\/label><input type=\"text\" id=\"wpforms-1340-field_15\" class=\"wpforms-field-small\" name=\"wpforms[fields][15]\" placeholder=\"+99 999 999 9999\" ><div class=\"wpforms-field-description\"><br><\/div><\/div><div id=\"wpforms-1340-field_12-container\" class=\"wpforms-field wpforms-field-radio\" data-field-id=\"12\"><label class=\"wpforms-field-label\">Indique su rango de edad<\/label><ul id=\"wpforms-1340-field_12\"><li class=\"choice-1 depth-1\"><input type=\"radio\" id=\"wpforms-1340-field_12_1\" name=\"wpforms[fields][12]\" value=\"Ni\u00f1o\/a  mayor de 8 a\u00f1os \"  ><label class=\"wpforms-field-label-inline\" for=\"wpforms-1340-field_12_1\">Ni\u00f1o\/a  mayor de 8 a\u00f1os<\/label><\/li><li class=\"choice-2 depth-1\"><input type=\"radio\" id=\"wpforms-1340-field_12_2\" name=\"wpforms[fields][12]\" value=\"Joven\"  ><label class=\"wpforms-field-label-inline\" for=\"wpforms-1340-field_12_2\">Joven<\/label><\/li><li class=\"choice-6 depth-1\"><input type=\"radio\" id=\"wpforms-1340-field_12_6\" name=\"wpforms[fields][12]\" value=\"Adulto\"  ><label class=\"wpforms-field-label-inline\" for=\"wpforms-1340-field_12_6\">Adulto<\/label><\/li><\/ul><div class=\"wpforms-field-description\"><br><\/div><\/div><div id=\"wpforms-1340-field_22-container\" class=\"wpforms-field wpforms-field-radio\" data-field-id=\"22\"><label class=\"wpforms-field-label\">Para preinscribirse en el Curso  Portugu\u00e9s presencial sabatino de Puerto Cabello, s\u00f3lo  indique el nivel que desea cursar:<\/label><ul id=\"wpforms-1340-field_22\"><li class=\"choice-2 depth-1\"><input type=\"radio\" id=\"wpforms-1340-field_22_2\" name=\"wpforms[fields][22]\" value=\"Sabatino A1 (todas las edades)\"  ><label class=\"wpforms-field-label-inline\" for=\"wpforms-1340-field_22_2\">Sabatino A1 (todas las edades)<\/label><\/li><li class=\"choice-5 depth-1\"><input type=\"radio\" id=\"wpforms-1340-field_22_5\" name=\"wpforms[fields][22]\" value=\"Sabatino A2 (adultos)\"  ><label class=\"wpforms-field-label-inline\" for=\"wpforms-1340-field_22_5\">Sabatino A2 (adultos)<\/label><\/li><\/ul><div class=\"wpforms-field-description\"><br><b>(*) Tenga presente que la apertura de los horarios est\u00e1 condicionada a un n\u00famero m\u00ednimo de participantes.<\/b><br><br><br><\/div><\/div><div id=\"wpforms-1340-field_17-container\" class=\"wpforms-field wpforms-field-textarea\" data-field-id=\"17\"><label class=\"wpforms-field-label\" for=\"wpforms-1340-field_17\">Comentario<\/label><textarea id=\"wpforms-1340-field_17\" class=\"wpforms-field-large wpforms-limit-characters-enabled\" data-form-id=\"1340\" data-field-id=\"17\" data-text-limit=\"3000\" name=\"wpforms[fields][17]\" maxlength=\"3000\" ><\/textarea><div class=\"wpforms-field-description\"><br><\/div><\/div><div id=\"wpforms-1340-field_16-container\" class=\"wpforms-field wpforms-field-radio\" data-field-id=\"16\"><label class=\"wpforms-field-label\">Para enviar sus datos personales Ud. debe aceptar la Pol\u00edtica de Privacidad <span class=\"wpforms-required-label\">*<\/span><\/label><ul id=\"wpforms-1340-field_16\" class=\"wpforms-field-required\"><li class=\"choice-1 depth-1\"><input type=\"radio\" id=\"wpforms-1340-field_16_1\" name=\"wpforms[fields][16]\" value=\"He le\u00eddo y acepto la Pol\u00edtica de Privacidad del Sitio Web de  la Fundaci\u00f3n Cultural Luso Venezolana Cam\u00f5es.\" required ><label class=\"wpforms-field-label-inline\" for=\"wpforms-1340-field_16_1\">He le\u00eddo y acepto la Pol\u00edtica de Privacidad del Sitio Web de  la Fundaci\u00f3n Cultural Luso Venezolana Cam\u00f5es.<\/label><\/li><\/ul><div class=\"wpforms-field-description\"><br><\/div><\/div><\/div><!-- .wpforms-field-container --><div class=\"wpforms-recaptcha-container wpforms-is-recaptcha wpforms-is-recaptcha-type-invisible\" ><div class=\"g-recaptcha\" data-sitekey=\"6LelCc8ZAAAAAPDiUM9YcQg5yWP69k0_URvFVvt0\" data-size=\"invisible\"><\/div><\/div><div class=\"wpforms-submit-container\" ><input type=\"hidden\" name=\"wpforms[id]\" value=\"1340\"><input type=\"hidden\" name=\"page_title\" value=\"\"><input type=\"hidden\" name=\"page_url\" value=\"https:\/\/www.camoesfclv.org\/portuguesonline\/wp-json\/wp\/v2\/pages\/1329\"><input type=\"hidden\" name=\"url_referer\" value=\"\"><button type=\"submit\" name=\"wpforms[submit]\" id=\"wpforms-submit-1340\" class=\"wpforms-submit\" data-alt-text=\"Enviando...\" data-submit-text=\"Enviar\" aria-live=\"assertive\" value=\"wpforms-submit\">Enviar<\/button><\/div><\/form><\/div>  <!-- .wpforms-container -->\t\t\t\t<\/div>\n\t\t\t\t<\/div>\n\t\t\t\t\t<\/div>\n\t\t<\/div>\n\t\t\t\t\t<\/div>\n\t\t<\/section>\n\t\t\t\t<\/div>\n\t\t","protected":false},"excerpt":{"rendered":"<p>PREINSCRIPCI\u00d3NCurso Portugu\u00e9sPuerto Cabello Para obtener m\u00e1s\u00a0 informaci\u00f3n o preinscribirse en el curso presencial de Puerto Cabello, puede utilizar este formulario. Debe aceptar la Pol\u00edtica de Privacidad de este Sitio Web antes de enviar el formulario con sus datos.<\/p>\n","protected":false},"author":1,"featured_media":0,"parent":0,"menu_order":0,"comment_status":"closed","ping_status":"closed","template":"","meta":{"ocean_post_layout":"","ocean_both_sidebars_style":"","ocean_both_sidebars_content_width":0,"ocean_both_sidebars_sidebars_width":0,"ocean_sidebar":"0","ocean_second_sidebar":"0","ocean_disable_margins":"enable","ocean_add_body_class":"","ocean_shortcode_before_top_bar":"","ocean_shortcode_after_top_bar":"","ocean_shortcode_before_header":"","ocean_shortcode_after_header":"","ocean_has_shortcode":"","ocean_shortcode_after_title":"","ocean_shortcode_before_footer_widgets":"","ocean_shortcode_after_footer_widgets":"","ocean_shortcode_before_footer_bottom":"","ocean_shortcode_after_footer_bottom":"","ocean_display_top_bar":"default","ocean_display_header":"default","ocean_header_style":"","ocean_center_header_left_menu":"0","ocean_custom_header_template":"0","ocean_custom_logo":0,"ocean_custom_retina_logo":0,"ocean_custom_logo_max_width":0,"ocean_custom_logo_tablet_max_width":0,"ocean_custom_logo_mobile_max_width":0,"ocean_custom_logo_max_height":0,"ocean_custom_logo_tablet_max_height":0,"ocean_custom_logo_mobile_max_height":0,"ocean_header_custom_menu":"0","ocean_menu_typo_font_family":"0","ocean_menu_typo_font_subset":"","ocean_menu_typo_font_size":0,"ocean_menu_typo_font_size_tablet":0,"ocean_menu_typo_font_size_mobile":0,"ocean_menu_typo_font_size_unit":"px","ocean_menu_typo_font_weight":"","ocean_menu_typo_font_weight_tablet":"","ocean_menu_typo_font_weight_mobile":"","ocean_menu_typo_transform":"","ocean_menu_typo_transform_tablet":"","ocean_menu_typo_transform_mobile":"","ocean_menu_typo_line_height":0,"ocean_menu_typo_line_height_tablet":0,"ocean_menu_typo_line_height_mobile":0,"ocean_menu_typo_line_height_unit":"","ocean_menu_typo_spacing":0,"ocean_menu_typo_spacing_tablet":0,"ocean_menu_typo_spacing_mobile":0,"ocean_menu_typo_spacing_unit":"","ocean_menu_link_color":"","ocean_menu_link_color_hover":"","ocean_menu_link_color_active":"","ocean_menu_link_background":"","ocean_menu_link_hover_background":"","ocean_menu_link_active_background":"","ocean_menu_social_links_bg":"","ocean_menu_social_hover_links_bg":"","ocean_menu_social_links_color":"","ocean_menu_social_hover_links_color":"","ocean_disable_title":"default","ocean_disable_heading":"default","ocean_post_title":"","ocean_post_subheading":"","ocean_post_title_style":"","ocean_post_title_background_color":"","ocean_post_title_background":0,"ocean_post_title_bg_image_position":"","ocean_post_title_bg_image_attachment":"","ocean_post_title_bg_image_repeat":"","ocean_post_title_bg_image_size":"","ocean_post_title_height":0,"ocean_post_title_bg_overlay":0.5,"ocean_post_title_bg_overlay_color":"","ocean_disable_breadcrumbs":"default","ocean_breadcrumbs_color":"","ocean_breadcrumbs_separator_color":"","ocean_breadcrumbs_links_color":"","ocean_breadcrumbs_links_hover_color":"","ocean_display_footer_widgets":"default","ocean_display_footer_bottom":"default","ocean_custom_footer_template":"0","footnotes":""},"class_list":["post-1329","page","type-page","status-publish","hentry","entry"],"_links":{"self":[{"href":"https:\/\/www.camoesfclv.org\/portuguesonline\/wp-json\/wp\/v2\/pages\/1329","targetHints":{"allow":["GET"]}}],"collection":[{"href":"https:\/\/www.camoesfclv.org\/portuguesonline\/wp-json\/wp\/v2\/pages"}],"about":[{"href":"https:\/\/www.camoesfclv.org\/portuguesonline\/wp-json\/wp\/v2\/types\/page"}],"author":[{"embeddable":true,"href":"https:\/\/www.camoesfclv.org\/portuguesonline\/wp-json\/wp\/v2\/users\/1"}],"replies":[{"embeddable":true,"href":"https:\/\/www.camoesfclv.org\/portuguesonline\/wp-json\/wp\/v2\/comments?post=1329"}],"version-history":[{"count":38,"href":"https:\/\/www.camoesfclv.org\/portuguesonline\/wp-json\/wp\/v2\/pages\/1329\/revisions"}],"predecessor-version":[{"id":1378,"href":"https:\/\/www.camoesfclv.org\/portuguesonline\/wp-json\/wp\/v2\/pages\/1329\/revisions\/1378"}],"wp:attachment":[{"href":"https:\/\/www.camoesfclv.org\/portuguesonline\/wp-json\/wp\/v2\/media?parent=1329"}],"curies":[{"name":"wp","href":"https:\/\/api.w.org\/{rel}","templated":true}]}}